{"id":7432,"date":"2023-09-14T18:09:24","date_gmt":"2023-09-14T18:09:24","guid":{"rendered":"https:\/\/dsa.fr\/associates\/"},"modified":"2024-06-09T16:06:36","modified_gmt":"2024-06-09T16:06:36","slug":"associates","status":"publish","type":"page","link":"https:\/\/dsa.fr\/en\/associates\/","title":{"rendered":"Associates"},"content":{"rendered":"\t\t<div data-elementor-type=\"wp-page\" data-elementor-id=\"7432\" class=\"elementor elementor-7432 elementor-3372\">\n\t\t\t\t<div class=\"elementor-element elementor-element-2a86764 associes principal e-flex e-con-boxed elementor-invisible e-con e-parent\" data-id=\"2a86764\" data-element_type=\"container\" data-e-type=\"container\" data-settings=\"{&quot;animation&quot;:&quot;fadeIn&quot;}\">\n\t\t\t\t\t<div class=\"e-con-inner\">\n\t\t<div class=\"elementor-element elementor-element-e6ca56d e-con-full image e-flex e-con e-child\" data-id=\"e6ca56d\" data-element_type=\"container\" data-e-type=\"container\">\n\t\t\t\t<div class=\"elementor-element elementor-element-acd8adf elementor-widget elementor-widget-image\" data-id=\"acd8adf\" data-element_type=\"widget\" data-e-type=\"widget\" data-widget_type=\"image.default\">\n\t\t\t\t<div class=\"elementor-widget-container\">\n\t\t\t\t\t\t\t\t\t\t\t\t\t\t\t<img decoding=\"async\" src=\"https:\/\/dsa.fr\/wp-content\/uploads\/elementor\/thumbs\/Jean-Luc-Sfez-qnfoxmes5n24s42qaxprdgzfwcf2hlk9m4lie21yps.jpg\" title=\"Jean Luc Sfez\" alt=\"Jean Luc Sfez\" loading=\"lazy\" \/>\t\t\t\t\t\t\t\t\t\t\t\t\t\t\t<\/div>\n\t\t\t\t<\/div>\n\t\t\t\t<\/div>\n\t\t<div class=\"elementor-element elementor-element-c8a0e80 e-con-full description e-flex e-con e-child\" data-id=\"c8a0e80\" data-element_type=\"container\" data-e-type=\"container\" data-settings=\"{&quot;background_background&quot;:&quot;classic&quot;}\">\n\t\t\t\t<div class=\"elementor-element elementor-element-1e95bb9 elementor-widget elementor-widget-text-editor\" data-id=\"1e95bb9\" data-element_type=\"widget\" data-e-type=\"widget\" data-widget_type=\"text-editor.default\">\n\t\t\t\t<div class=\"elementor-widget-container\">\n\t\t\t\t\t\t\t\t\t<h2>Jean-Luc Sfez<\/h2>\n<p>Managing Partner, Co-founder,<br \/><small>(Essec, Master of Law, Chartered Accountant)<\/small><\/p>\n<p style=\"text-align: justify;\">Jean-Luc, Managing Partner and co-founder of the firm, is a finance expert with a wealth of experience. Before setting up DSA in 1981, he worked for the World Bank and spent 6 years with PwC.<\/p>\n<p style=\"text-align: justify;\">He has extensive expertise in accounting, auditing and corporate finance, including taxation. His career also includes direct experience as a financial advisor and strategic analyst in the private equity sector. In addition, he has extensive experience as a direct investor in small and medium-sized companies, as well as in leveraged buyouts (LBOs).<\/p>\n\t\t\t\t\t\t\t\t<\/div>\n\t\t\t\t<\/div>\n\t\t\t\t<\/div>\n\t\t\t\t\t<\/div>\n\t\t\t\t<\/div>\n\t\t<div class=\"elementor-element elementor-element-a483895 e-flex e-con-boxed e-con e-parent\" data-id=\"a483895\" data-element_type=\"container\" data-e-type=\"container\" data-settings=\"{&quot;background_background&quot;:&quot;classic&quot;}\">\n\t\t\t\t\t<div class=\"e-con-inner\">\n\t\t<div class=\"elementor-element elementor-element-b61f8af e-con-full associes e-flex e-con e-child\" data-id=\"b61f8af\" data-element_type=\"container\" data-e-type=\"container\">\n\t\t\t\t<div class=\"elementor-element elementor-element-91cae18 elementor-invisible elementor-widget elementor-widget-image\" data-id=\"91cae18\" data-element_type=\"widget\" data-e-type=\"widget\" data-settings=\"{&quot;_animation&quot;:&quot;fadeIn&quot;}\" data-widget_type=\"image.default\">\n\t\t\t\t<div class=\"elementor-widget-container\">\n\t\t\t\t\t\t\t\t\t\t\t\t\t\t\t<img decoding=\"async\" src=\"https:\/\/dsa.fr\/wp-content\/uploads\/elementor\/thumbs\/Pascal-NOEL-qnfpt9n68udnni3xim5lbhi3vcfxmr6xyra01f4t8g.jpg\" title=\"Pascal NOEL\" alt=\"Pascal NOEL\" loading=\"lazy\" \/>\t\t\t\t\t\t\t\t\t\t\t\t\t\t\t<\/div>\n\t\t\t\t<\/div>\n\t\t\t\t<div class=\"elementor-element elementor-element-0c6d5f6 description elementor-invisible elementor-widget elementor-widget-text-editor\" data-id=\"0c6d5f6\" data-element_type=\"widget\" data-e-type=\"widget\" data-settings=\"{&quot;_animation&quot;:&quot;fadeIn&quot;}\" data-widget_type=\"text-editor.default\">\n\t\t\t\t<div class=\"elementor-widget-container\">\n\t\t\t\t\t\t\t\t\t<h2>Pascal NOEL<\/h2>\n<p>Partner, DECF<\/p>\n<p style=\"text-align: justify;\"><small><\/small>As a partner in DSA Groupe since 1999, Pascal specializes in the audiovisual, construction, and public works sectors. His area of expertise includes risk assessment and managing teams of diverse professionals. These teams focus on the implementation and security of information and telecommunication systems, guaranteeing continuity of service.<\/p>\n\t\t\t\t\t\t\t\t<\/div>\n\t\t\t\t<\/div>\n\t\t\t\t<\/div>\n\t\t<div class=\"elementor-element elementor-element-cdf3afb e-con-full associes e-flex e-con e-child\" data-id=\"cdf3afb\" data-element_type=\"container\" data-e-type=\"container\">\n\t\t\t\t<div class=\"elementor-element elementor-element-ade4848 elementor-invisible elementor-widget elementor-widget-image\" data-id=\"ade4848\" data-element_type=\"widget\" data-e-type=\"widget\" data-settings=\"{&quot;_animation&quot;:&quot;fadeIn&quot;}\" data-widget_type=\"image.default\">\n\t\t\t\t<div class=\"elementor-widget-container\">\n\t\t\t\t\t\t\t\t\t\t\t\t\t\t\t<img decoding=\"async\" src=\"https:\/\/dsa.fr\/wp-content\/uploads\/elementor\/thumbs\/Benjamin-ZEITOUN-qnfpt8pc20cdbw5ao3qyqzqn9ykkf237mmmik567eo.jpg\" title=\"Benjamin ZEITOUN\" alt=\"Benjamin ZEITOUN\" loading=\"lazy\" \/>\t\t\t\t\t\t\t\t\t\t\t\t\t\t\t<\/div>\n\t\t\t\t<\/div>\n\t\t\t\t<div class=\"elementor-element elementor-element-d176d74 description elementor-invisible elementor-widget elementor-widget-text-editor\" data-id=\"d176d74\" data-element_type=\"widget\" data-e-type=\"widget\" data-settings=\"{&quot;_animation&quot;:&quot;fadeIn&quot;}\" data-widget_type=\"text-editor.default\">\n\t\t\t\t<div class=\"elementor-widget-container\">\n\t\t\t\t\t\t\t\t\t<h2>Benjamin ZEITOUN<\/h2>\n<p>Partner, Chartered Accountant, Graduate of HEC Paris<\/p>\n<p style=\"text-align: justify;\"><small><\/small>After working as an auditor at Deloitte, Benjamin joined DSA in 2010. Thanks to his versatile skills, he is able to meet all our customers&#8217; legal and contractual needs. He excels in areas such as company valuations, business plans and financial consolidations.<\/p>\n\t\t\t\t\t\t\t\t<\/div>\n\t\t\t\t<\/div>\n\t\t\t\t<\/div>\n\t\t\t\t\t<\/div>\n\t\t\t\t<\/div>\n\t\t<div class=\"elementor-element elementor-element-6837ce2 e-flex e-con-boxed e-con e-parent\" data-id=\"6837ce2\" data-element_type=\"container\" data-e-type=\"container\" data-settings=\"{&quot;background_background&quot;:&quot;classic&quot;}\">\n\t\t\t\t\t<div class=\"e-con-inner\">\n\t\t<div class=\"elementor-element elementor-element-9d6cce3 e-con-full associes e-flex e-con e-child\" data-id=\"9d6cce3\" data-element_type=\"container\" data-e-type=\"container\">\n\t\t\t\t<div class=\"elementor-element elementor-element-d582f24 elementor-invisible elementor-widget elementor-widget-image\" data-id=\"d582f24\" data-element_type=\"widget\" data-e-type=\"widget\" data-settings=\"{&quot;_animation&quot;:&quot;fadeIn&quot;}\" data-widget_type=\"image.default\">\n\t\t\t\t<div class=\"elementor-widget-container\">\n\t\t\t\t\t\t\t\t\t\t\t\t\t\t\t<img decoding=\"async\" src=\"https:\/\/dsa.fr\/wp-content\/uploads\/elementor\/thumbs\/Vanessa-COME-qnfptal0foexz42kd4k7vz9kgqbaugaoavxhip3f28.jpg\" title=\"Vanessa COME\" alt=\"Vanessa COME\" loading=\"lazy\" \/>\t\t\t\t\t\t\t\t\t\t\t\t\t\t\t<\/div>\n\t\t\t\t<\/div>\n\t\t\t\t<div class=\"elementor-element elementor-element-0d2b888 description elementor-invisible elementor-widget elementor-widget-text-editor\" data-id=\"0d2b888\" data-element_type=\"widget\" data-e-type=\"widget\" data-settings=\"{&quot;_animation&quot;:&quot;fadeIn&quot;}\" data-widget_type=\"text-editor.default\">\n\t\t\t\t<div class=\"elementor-widget-container\">\n\t\t\t\t\t\t\t\t\t<h2>Vanessa COME<\/h2>\n<p>Partner, Chief Financial Officer<small><\/small><\/p>\n<p style=\"text-align: justify;\">After holding a support position as CFO of the DSA group, Vanessa now also manages a diversified customer portfolio (modeling agency, hotel business, family-office&#8230;). She has specialized her skills in outsourced financial management.<\/p>\n\t\t\t\t\t\t\t\t<\/div>\n\t\t\t\t<\/div>\n\t\t\t\t<\/div>\n\t\t<div class=\"elementor-element elementor-element-9777589 e-con-full associes e-flex e-con e-child\" data-id=\"9777589\" data-element_type=\"container\" data-e-type=\"container\">\n\t\t\t\t<div class=\"elementor-element elementor-element-3483ef5 elementor-invisible elementor-widget elementor-widget-image\" data-id=\"3483ef5\" data-element_type=\"widget\" data-e-type=\"widget\" data-settings=\"{&quot;_animation&quot;:&quot;fadeIn&quot;}\" data-widget_type=\"image.default\">\n\t\t\t\t<div class=\"elementor-widget-container\">\n\t\t\t\t\t\t\t\t\t\t\t\t\t\t\t<img decoding=\"async\" src=\"https:\/\/dsa.fr\/wp-content\/uploads\/elementor\/thumbs\/Mouhcine-EL-GORCHE-qnfpt9n68udnni3xim5lbhi3vcfxmr6xyra01f4t8g.jpg\" title=\"Mouhcine EL GORCHE\" alt=\"Mouhcine EL GORCHE\" loading=\"lazy\" \/>\t\t\t\t\t\t\t\t\t\t\t\t\t\t\t<\/div>\n\t\t\t\t<\/div>\n\t\t\t\t<div class=\"elementor-element elementor-element-c69b6ac description elementor-invisible elementor-widget elementor-widget-text-editor\" data-id=\"c69b6ac\" data-element_type=\"widget\" data-e-type=\"widget\" data-settings=\"{&quot;_animation&quot;:&quot;fadeIn&quot;}\" data-widget_type=\"text-editor.default\">\n\t\t\t\t<div class=\"elementor-widget-container\">\n\t\t\t\t\t\t\t\t\t<h2>Mouhcine EL GORCHE<\/h2>\n<p>Partner, Mission Director<small><\/small><\/p>\n<p style=\"text-align: justify;\">Master&#8217;s degree in CCA. After an initial experience with MAZARS Mouhcine joined DSA in 2017. Today, he heads up the Accountancy and Consulting division, where he assists our customers with their development projects. It has particular expertise in the automation of accounting production.<\/p>\n\t\t\t\t\t\t\t\t<\/div>\n\t\t\t\t<\/div>\n\t\t\t\t<\/div>\n\t\t<div class=\"elementor-element elementor-element-87043cc e-con-full associes e-flex e-con e-child\" data-id=\"87043cc\" data-element_type=\"container\" data-e-type=\"container\">\n\t\t\t\t<div class=\"elementor-element elementor-element-1bcf08f elementor-invisible elementor-widget elementor-widget-image\" data-id=\"1bcf08f\" data-element_type=\"widget\" data-e-type=\"widget\" data-settings=\"{&quot;_animation&quot;:&quot;fadeIn&quot;}\" data-widget_type=\"image.default\">\n\t\t\t\t<div class=\"elementor-widget-container\">\n\t\t\t\t\t\t\t\t\t\t\t\t\t\t\t<img decoding=\"async\" src=\"https:\/\/dsa.fr\/wp-content\/uploads\/elementor\/thumbs\/Albane-MEMPONTE-2-qog9be1ohc2ttvslcf9xztudc6aablnlrp773gruo0.jpg\" title=\"Albane MEMPONTE\" alt=\"Albane MEMPONTE\" loading=\"lazy\" \/>\t\t\t\t\t\t\t\t\t\t\t\t\t\t\t<\/div>\n\t\t\t\t<\/div>\n\t\t\t\t<div class=\"elementor-element elementor-element-3ede634 description elementor-invisible elementor-widget elementor-widget-text-editor\" data-id=\"3ede634\" data-element_type=\"widget\" data-e-type=\"widget\" data-settings=\"{&quot;_animation&quot;:&quot;fadeIn&quot;}\" data-widget_type=\"text-editor.default\">\n\t\t\t\t<div class=\"elementor-widget-container\">\n\t\t\t\t\t\t\t\t\t<h2>Albane MEMPONTE<\/h2>\n<p>Associate, Project Manager<small><\/small><\/p>\n<p style=\"text-align: justify;\">Bachelor&#8217;s degree in Economics &amp; Management, Bachelor&#8217;s degree in International Business, Master&#8217;s degree 2 in Corporate Finance After several years in Soci\u00e9t\u00e9 G\u00e9n\u00e9rale&#8217;s mergers &amp; acquisitions department and Merrill Lynch&#8217;s equity market analysis department, Albane joined DSA as an account manager. Its mission is to support our customers and their teams in defining, structuring, and deploying their equity and debt transactions.<\/p>\n\t\t\t\t\t\t\t\t<\/div>\n\t\t\t\t<\/div>\n\t\t\t\t<\/div>\n\t\t\t\t\t<\/div>\n\t\t\t\t<\/div>\n\t\t\t\t<\/div>\n\t\t","protected":false},"excerpt":{"rendered":"<p>Jean-Luc Sfez Managing Partner, Co-founder,(Essec, Master of Law, Chartered Accountant) Jean-Luc, Managing Partner and co-founder of the firm, is a finance expert with a wealth of experience. Before setting up DSA in 1981, he worked for the World Bank and spent 6 years with PwC. He has extensive expertise in accounting, auditing and corporate finance, [&hellip;]<\/p>\n","protected":false},"author":1,"featured_media":0,"parent":0,"menu_order":0,"comment_status":"closed","ping_status":"closed","template":"","meta":{"footnotes":""},"class_list":["post-7432","page","type-page","status-publish","hentry"],"yoast_head":"<!-- This site is optimized with the Yoast SEO Premium plugin v21.3 (Yoast SEO v27.5) - https:\/\/yoast.com\/product\/yoast-seo-premium-wordpress\/ -->\n<title>Associates - Groupe DSA<\/title>\n<meta name=\"robots\" content=\"index, follow, max-snippet:-1, max-image-preview:large, max-video-preview:-1\" \/>\n<link rel=\"canonical\" href=\"https:\/\/dsa.fr\/en\/associates\/\" \/>\n<meta property=\"og:locale\" content=\"en_US\" \/>\n<meta property=\"og:type\" content=\"article\" \/>\n<meta property=\"og:title\" content=\"Associates\" \/>\n<meta property=\"og:description\" content=\"Jean-Luc Sfez Managing Partner, Co-founder,(Essec, Master of Law, Chartered Accountant) Jean-Luc, Managing Partner and co-founder of the firm, is a finance expert with a wealth of experience. Before setting up DSA in 1981, he worked for the World Bank and spent 6 years with PwC. He has extensive expertise in accounting, auditing and corporate finance, [&hellip;]\" \/>\n<meta property=\"og:url\" content=\"https:\/\/dsa.fr\/en\/associates\/\" \/>\n<meta property=\"og:site_name\" content=\"Groupe DSA\" \/>\n<meta property=\"article:modified_time\" content=\"2024-06-09T16:06:36+00:00\" \/>\n<meta property=\"og:image\" content=\"https:\/\/dsa.fr\/wp-content\/uploads\/elementor\/thumbs\/Jean-Luc-Sfez-qnfoxmes5n24s42qaxprdgzfwcf2hlk9m4lie21yps.jpg\" \/>\n<meta name=\"twitter:card\" content=\"summary_large_image\" \/>\n<meta name=\"twitter:label1\" content=\"Est. reading time\" \/>\n\t<meta name=\"twitter:data1\" content=\"2 minutes\" \/>\n<script type=\"application\/ld+json\" class=\"yoast-schema-graph\">{\"@context\":\"https:\\\/\\\/schema.org\",\"@graph\":[{\"@type\":\"WebPage\",\"@id\":\"https:\\\/\\\/dsa.fr\\\/en\\\/associates\\\/\",\"url\":\"https:\\\/\\\/dsa.fr\\\/en\\\/associates\\\/\",\"name\":\"Associates - Groupe DSA\",\"isPartOf\":{\"@id\":\"https:\\\/\\\/dsa.fr\\\/en\\\/#website\"},\"primaryImageOfPage\":{\"@id\":\"https:\\\/\\\/dsa.fr\\\/en\\\/associates\\\/#primaryimage\"},\"image\":{\"@id\":\"https:\\\/\\\/dsa.fr\\\/en\\\/associates\\\/#primaryimage\"},\"thumbnailUrl\":\"https:\\\/\\\/dsa.fr\\\/wp-content\\\/uploads\\\/elementor\\\/thumbs\\\/Jean-Luc-Sfez-qnfoxmes5n24s42qaxprdgzfwcf2hlk9m4lie21yps.jpg\",\"datePublished\":\"2023-09-14T18:09:24+00:00\",\"dateModified\":\"2024-06-09T16:06:36+00:00\",\"breadcrumb\":{\"@id\":\"https:\\\/\\\/dsa.fr\\\/en\\\/associates\\\/#breadcrumb\"},\"inLanguage\":\"en-US\",\"potentialAction\":[{\"@type\":\"ReadAction\",\"target\":[\"https:\\\/\\\/dsa.fr\\\/en\\\/associates\\\/\"]}]},{\"@type\":\"ImageObject\",\"inLanguage\":\"en-US\",\"@id\":\"https:\\\/\\\/dsa.fr\\\/en\\\/associates\\\/#primaryimage\",\"url\":\"https:\\\/\\\/dsa.fr\\\/wp-content\\\/uploads\\\/elementor\\\/thumbs\\\/Jean-Luc-Sfez-qnfoxmes5n24s42qaxprdgzfwcf2hlk9m4lie21yps.jpg\",\"contentUrl\":\"https:\\\/\\\/dsa.fr\\\/wp-content\\\/uploads\\\/elementor\\\/thumbs\\\/Jean-Luc-Sfez-qnfoxmes5n24s42qaxprdgzfwcf2hlk9m4lie21yps.jpg\"},{\"@type\":\"BreadcrumbList\",\"@id\":\"https:\\\/\\\/dsa.fr\\\/en\\\/associates\\\/#breadcrumb\",\"itemListElement\":[{\"@type\":\"ListItem\",\"position\":1,\"name\":\"Accueil\",\"item\":\"https:\\\/\\\/dsa.fr\\\/en\\\/\"},{\"@type\":\"ListItem\",\"position\":2,\"name\":\"Associates\"}]},{\"@type\":\"WebSite\",\"@id\":\"https:\\\/\\\/dsa.fr\\\/en\\\/#website\",\"url\":\"https:\\\/\\\/dsa.fr\\\/en\\\/\",\"name\":\"Groupe DSA\",\"description\":\"Une strat\u00e9gie d&#039;avance\",\"publisher\":{\"@id\":\"https:\\\/\\\/dsa.fr\\\/en\\\/#organization\"},\"potentialAction\":[{\"@type\":\"SearchAction\",\"target\":{\"@type\":\"EntryPoint\",\"urlTemplate\":\"https:\\\/\\\/dsa.fr\\\/en\\\/?s={search_term_string}\"},\"query-input\":{\"@type\":\"PropertyValueSpecification\",\"valueRequired\":true,\"valueName\":\"search_term_string\"}}],\"inLanguage\":\"en-US\"},{\"@type\":\"Organization\",\"@id\":\"https:\\\/\\\/dsa.fr\\\/en\\\/#organization\",\"name\":\"DSA International\",\"url\":\"https:\\\/\\\/dsa.fr\\\/en\\\/\",\"logo\":{\"@type\":\"ImageObject\",\"inLanguage\":\"en-US\",\"@id\":\"https:\\\/\\\/dsa.fr\\\/en\\\/#\\\/schema\\\/logo\\\/image\\\/\",\"url\":\"https:\\\/\\\/dsa.fr\\\/wp-content\\\/uploads\\\/2023\\\/10\\\/DSA-Logo.png\",\"contentUrl\":\"https:\\\/\\\/dsa.fr\\\/wp-content\\\/uploads\\\/2023\\\/10\\\/DSA-Logo.png\",\"width\":697,\"height\":696,\"caption\":\"DSA International\"},\"image\":{\"@id\":\"https:\\\/\\\/dsa.fr\\\/en\\\/#\\\/schema\\\/logo\\\/image\\\/\"},\"sameAs\":[\"https:\\\/\\\/www.linkedin.com\\\/company\\\/groupe-dsa?trk=nav_account_sub_nav_company_admin\",\"https:\\\/\\\/www.instagram.com\\\/groupedsa\\\/\"]}]}<\/script>\n<!-- \/ Yoast SEO Premium plugin. -->","yoast_head_json":{"title":"Associates - Groupe DSA","robots":{"index":"index","follow":"follow","max-snippet":"max-snippet:-1","max-image-preview":"max-image-preview:large","max-video-preview":"max-video-preview:-1"},"canonical":"https:\/\/dsa.fr\/en\/associates\/","og_locale":"en_US","og_type":"article","og_title":"Associates","og_description":"Jean-Luc Sfez Managing Partner, Co-founder,(Essec, Master of Law, Chartered Accountant) Jean-Luc, Managing Partner and co-founder of the firm, is a finance expert with a wealth of experience. Before setting up DSA in 1981, he worked for the World Bank and spent 6 years with PwC. He has extensive expertise in accounting, auditing and corporate finance, [&hellip;]","og_url":"https:\/\/dsa.fr\/en\/associates\/","og_site_name":"Groupe DSA","article_modified_time":"2024-06-09T16:06:36+00:00","og_image":[{"url":"https:\/\/dsa.fr\/wp-content\/uploads\/elementor\/thumbs\/Jean-Luc-Sfez-qnfoxmes5n24s42qaxprdgzfwcf2hlk9m4lie21yps.jpg","type":"","width":"","height":""}],"twitter_card":"summary_large_image","twitter_misc":{"Est. reading time":"2 minutes"},"schema":{"@context":"https:\/\/schema.org","@graph":[{"@type":"WebPage","@id":"https:\/\/dsa.fr\/en\/associates\/","url":"https:\/\/dsa.fr\/en\/associates\/","name":"Associates - Groupe DSA","isPartOf":{"@id":"https:\/\/dsa.fr\/en\/#website"},"primaryImageOfPage":{"@id":"https:\/\/dsa.fr\/en\/associates\/#primaryimage"},"image":{"@id":"https:\/\/dsa.fr\/en\/associates\/#primaryimage"},"thumbnailUrl":"https:\/\/dsa.fr\/wp-content\/uploads\/elementor\/thumbs\/Jean-Luc-Sfez-qnfoxmes5n24s42qaxprdgzfwcf2hlk9m4lie21yps.jpg","datePublished":"2023-09-14T18:09:24+00:00","dateModified":"2024-06-09T16:06:36+00:00","breadcrumb":{"@id":"https:\/\/dsa.fr\/en\/associates\/#breadcrumb"},"inLanguage":"en-US","potentialAction":[{"@type":"ReadAction","target":["https:\/\/dsa.fr\/en\/associates\/"]}]},{"@type":"ImageObject","inLanguage":"en-US","@id":"https:\/\/dsa.fr\/en\/associates\/#primaryimage","url":"https:\/\/dsa.fr\/wp-content\/uploads\/elementor\/thumbs\/Jean-Luc-Sfez-qnfoxmes5n24s42qaxprdgzfwcf2hlk9m4lie21yps.jpg","contentUrl":"https:\/\/dsa.fr\/wp-content\/uploads\/elementor\/thumbs\/Jean-Luc-Sfez-qnfoxmes5n24s42qaxprdgzfwcf2hlk9m4lie21yps.jpg"},{"@type":"BreadcrumbList","@id":"https:\/\/dsa.fr\/en\/associates\/#breadcrumb","itemListElement":[{"@type":"ListItem","position":1,"name":"Accueil","item":"https:\/\/dsa.fr\/en\/"},{"@type":"ListItem","position":2,"name":"Associates"}]},{"@type":"WebSite","@id":"https:\/\/dsa.fr\/en\/#website","url":"https:\/\/dsa.fr\/en\/","name":"Groupe DSA","description":"Une strat\u00e9gie d&#039;avance","publisher":{"@id":"https:\/\/dsa.fr\/en\/#organization"},"potentialAction":[{"@type":"SearchAction","target":{"@type":"EntryPoint","urlTemplate":"https:\/\/dsa.fr\/en\/?s={search_term_string}"},"query-input":{"@type":"PropertyValueSpecification","valueRequired":true,"valueName":"search_term_string"}}],"inLanguage":"en-US"},{"@type":"Organization","@id":"https:\/\/dsa.fr\/en\/#organization","name":"DSA International","url":"https:\/\/dsa.fr\/en\/","logo":{"@type":"ImageObject","inLanguage":"en-US","@id":"https:\/\/dsa.fr\/en\/#\/schema\/logo\/image\/","url":"https:\/\/dsa.fr\/wp-content\/uploads\/2023\/10\/DSA-Logo.png","contentUrl":"https:\/\/dsa.fr\/wp-content\/uploads\/2023\/10\/DSA-Logo.png","width":697,"height":696,"caption":"DSA International"},"image":{"@id":"https:\/\/dsa.fr\/en\/#\/schema\/logo\/image\/"},"sameAs":["https:\/\/www.linkedin.com\/company\/groupe-dsa?trk=nav_account_sub_nav_company_admin","https:\/\/www.instagram.com\/groupedsa\/"]}]}},"_links":{"self":[{"href":"https:\/\/dsa.fr\/en\/wp-json\/wp\/v2\/pages\/7432","targetHints":{"allow":["GET"]}}],"collection":[{"href":"https:\/\/dsa.fr\/en\/wp-json\/wp\/v2\/pages"}],"about":[{"href":"https:\/\/dsa.fr\/en\/wp-json\/wp\/v2\/types\/page"}],"author":[{"embeddable":true,"href":"https:\/\/dsa.fr\/en\/wp-json\/wp\/v2\/users\/1"}],"replies":[{"embeddable":true,"href":"https:\/\/dsa.fr\/en\/wp-json\/wp\/v2\/comments?post=7432"}],"version-history":[{"count":1,"href":"https:\/\/dsa.fr\/en\/wp-json\/wp\/v2\/pages\/7432\/revisions"}],"predecessor-version":[{"id":7433,"href":"https:\/\/dsa.fr\/en\/wp-json\/wp\/v2\/pages\/7432\/revisions\/7433"}],"wp:attachment":[{"href":"https:\/\/dsa.fr\/en\/wp-json\/wp\/v2\/media?parent=7432"}],"curies":[{"name":"wp","href":"https:\/\/api.w.org\/{rel}","templated":true}]}}