{"id":7440,"date":"2024-05-04T17:45:26","date_gmt":"2024-05-04T17:45:26","guid":{"rendered":"https:\/\/dsa.fr\/executive-management\/"},"modified":"2024-07-02T13:08:48","modified_gmt":"2024-07-02T13:08:48","slug":"executive-management","status":"publish","type":"page","link":"https:\/\/dsa.fr\/en\/executive-management\/","title":{"rendered":"Executive Management"},"content":{"rendered":"\t\t<div data-elementor-type=\"wp-page\" data-elementor-id=\"7440\" class=\"elementor elementor-7440 elementor-6668\">\n\t\t\t\t<div class=\"elementor-element elementor-element-db735bf e-flex e-con-boxed e-con e-parent\" data-id=\"db735bf\" data-element_type=\"container\" data-e-type=\"container\">\n\t\t\t\t\t<div class=\"e-con-inner\">\n\t\t<div class=\"elementor-element elementor-element-e815327 e-con-full e-flex e-con e-child\" data-id=\"e815327\" data-element_type=\"container\" data-e-type=\"container\">\n\t\t\t\t<div class=\"elementor-element elementor-element-2cf4b88 elementor-invisible elementor-widget elementor-widget-wp-widget-nav_menu\" data-id=\"2cf4b88\" data-element_type=\"widget\" data-e-type=\"widget\" data-settings=\"{&quot;_animation&quot;:&quot;fadeIn&quot;}\" data-widget_type=\"wp-widget-nav_menu.default\">\n\t\t\t\t<div class=\"elementor-widget-container\">\n\t\t\t\t\t<nav class=\"menu-our-expertise-container\" aria-label=\"Menu\"><ul id=\"menu-our-expertise\" class=\"menu\"><li id=\"menu-item-7464\" class=\"menu-item menu-item-type-post_type menu-item-object-page menu-item-7464\"><a href=\"https:\/\/dsa.fr\/en\/audit\/\">Audit<\/a><\/li>\n<li id=\"menu-item-7465\" class=\"menu-item menu-item-type-post_type menu-item-object-page menu-item-7465\"><a href=\"https:\/\/dsa.fr\/en\/executive-management\/\">Executive Management<\/a><\/li>\n<li id=\"menu-item-7466\" class=\"menu-item menu-item-type-post_type menu-item-object-page menu-item-7466\"><a href=\"https:\/\/dsa.fr\/en\/accounting\/\">Accounting<\/a><\/li>\n<li id=\"menu-item-7467\" class=\"menu-item menu-item-type-post_type menu-item-object-page menu-item-7467\"><a href=\"https:\/\/dsa.fr\/en\/corporate-finance-dsa-en\/\">Corporate Finance<\/a><\/li>\n<li id=\"menu-item-7468\" class=\"menu-item menu-item-type-post_type menu-item-object-page menu-item-7468\"><a href=\"https:\/\/dsa.fr\/en\/advice\/\">Advice<\/a><\/li>\n<li id=\"menu-item-7469\" class=\"menu-item menu-item-type-post_type menu-item-object-page menu-item-7469\"><a href=\"https:\/\/dsa.fr\/en\/training\/\">Training<\/a><\/li>\n<\/ul><\/nav>\t\t\t\t<\/div>\n\t\t\t\t<\/div>\n\t\t<div class=\"elementor-element elementor-element-b4a5ffe e-con-full contact-infos e-flex elementor-invisible e-con e-child\" data-id=\"b4a5ffe\" data-element_type=\"container\" data-e-type=\"container\" data-settings=\"{&quot;animation&quot;:&quot;fadeIn&quot;}\">\n\t\t\t\t<div class=\"elementor-element elementor-element-3df02ea elementor-widget elementor-widget-text-editor\" data-id=\"3df02ea\" data-element_type=\"widget\" data-e-type=\"widget\" data-widget_type=\"text-editor.default\">\n\t\t\t\t<div class=\"elementor-widget-container\">\n\t\t\t\t\t\t\t\t\t<h4>Contact us:<\/h4>\n\t\t\t\t\t\t\t\t<\/div>\n\t\t\t\t<\/div>\n\t\t\t\t<div class=\"elementor-element elementor-element-fd4bb2b elementor-position-inline-start elementor-view-default elementor-mobile-position-block-start elementor-widget elementor-widget-icon-box\" data-id=\"fd4bb2b\" data-element_type=\"widget\" data-e-type=\"widget\" data-widget_type=\"icon-box.default\">\n\t\t\t\t<div class=\"elementor-widget-container\">\n\t\t\t\t\t\t\t<div class=\"elementor-icon-box-wrapper\">\n\n\t\t\t\t\t\t<div class=\"elementor-icon-box-icon\">\n\t\t\t\t<span  class=\"elementor-icon\">\n\t\t\t\t<i aria-hidden=\"true\" class=\"fas fa-map-marker-alt\"><\/i>\t\t\t\t<\/span>\n\t\t\t<\/div>\n\t\t\t\n\t\t\t\t\t\t<div class=\"elementor-icon-box-content\">\n\n\t\t\t\t\t\t\t\t\t<p class=\"elementor-icon-box-title\">\n\t\t\t\t\t\t<span  >\n\t\t\t\t\t\t\t22 Place du G\u00e9n\u00e9ral Catroux <br>75017 Paris, France\t\t\t\t\t\t<\/span>\n\t\t\t\t\t<\/p>\n\t\t\t\t\n\t\t\t\t\n\t\t\t<\/div>\n\t\t\t\n\t\t<\/div>\n\t\t\t\t\t\t<\/div>\n\t\t\t\t<\/div>\n\t\t\t\t<div class=\"elementor-element elementor-element-9c609a2 elementor-widget-divider--view-line elementor-widget elementor-widget-divider\" data-id=\"9c609a2\" data-element_type=\"widget\" data-e-type=\"widget\" data-widget_type=\"divider.default\">\n\t\t\t\t<div class=\"elementor-widget-container\">\n\t\t\t\t\t\t\t<div class=\"elementor-divider\">\n\t\t\t<span class=\"elementor-divider-separator\">\n\t\t\t\t\t\t<\/span>\n\t\t<\/div>\n\t\t\t\t\t\t<\/div>\n\t\t\t\t<\/div>\n\t\t\t\t<div class=\"elementor-element elementor-element-faa5393 elementor-position-inline-start elementor-view-default elementor-mobile-position-block-start elementor-widget elementor-widget-icon-box\" data-id=\"faa5393\" data-element_type=\"widget\" data-e-type=\"widget\" data-widget_type=\"icon-box.default\">\n\t\t\t\t<div class=\"elementor-widget-container\">\n\t\t\t\t\t\t\t<div class=\"elementor-icon-box-wrapper\">\n\n\t\t\t\t\t\t<div class=\"elementor-icon-box-icon\">\n\t\t\t\t<a href=\"mailto:contact@dsa.fr\" class=\"elementor-icon\" tabindex=\"-1\" aria-label=\"E-mail: contact@dsa.fr\">\n\t\t\t\t<i aria-hidden=\"true\" class=\"fas fa-envelope\"><\/i>\t\t\t\t<\/a>\n\t\t\t<\/div>\n\t\t\t\n\t\t\t\t\t\t<div class=\"elementor-icon-box-content\">\n\n\t\t\t\t\t\t\t\t\t<p class=\"elementor-icon-box-title\">\n\t\t\t\t\t\t<a href=\"mailto:contact@dsa.fr\" >\n\t\t\t\t\t\t\tE-mail: contact@dsa.fr\t\t\t\t\t\t<\/a>\n\t\t\t\t\t<\/p>\n\t\t\t\t\n\t\t\t\t\n\t\t\t<\/div>\n\t\t\t\n\t\t<\/div>\n\t\t\t\t\t\t<\/div>\n\t\t\t\t<\/div>\n\t\t\t\t<div class=\"elementor-element elementor-element-77f3286 elementor-position-inline-start elementor-view-default elementor-mobile-position-block-start elementor-widget elementor-widget-icon-box\" data-id=\"77f3286\" data-element_type=\"widget\" data-e-type=\"widget\" data-widget_type=\"icon-box.default\">\n\t\t\t\t<div class=\"elementor-widget-container\">\n\t\t\t\t\t\t\t<div class=\"elementor-icon-box-wrapper\">\n\n\t\t\t\t\t\t<div class=\"elementor-icon-box-icon\">\n\t\t\t\t<a href=\"tel:+33%201%2055%2065%2015%2055\" class=\"elementor-icon\" tabindex=\"-1\" aria-label=\"Tel: +33 1 55 65 15 55\">\n\t\t\t\t<i aria-hidden=\"true\" class=\"fas fa-phone-alt\"><\/i>\t\t\t\t<\/a>\n\t\t\t<\/div>\n\t\t\t\n\t\t\t\t\t\t<div class=\"elementor-icon-box-content\">\n\n\t\t\t\t\t\t\t\t\t<p class=\"elementor-icon-box-title\">\n\t\t\t\t\t\t<a href=\"tel:+33%201%2055%2065%2015%2055\" >\n\t\t\t\t\t\t\tTel: +33 1 55 65 15 55\t\t\t\t\t\t<\/a>\n\t\t\t\t\t<\/p>\n\t\t\t\t\n\t\t\t\t\n\t\t\t<\/div>\n\t\t\t\n\t\t<\/div>\n\t\t\t\t\t\t<\/div>\n\t\t\t\t<\/div>\n\t\t\t\t<\/div>\n\t\t\t\t<\/div>\n\t\t<div class=\"elementor-element elementor-element-e0059d1 e-con-full e-flex e-con e-child\" data-id=\"e0059d1\" data-element_type=\"container\" data-e-type=\"container\">\n\t\t\t\t<div class=\"elementor-element elementor-element-28436b1 light elementor-invisible elementor-widget elementor-widget-heading\" data-id=\"28436b1\" data-element_type=\"widget\" data-e-type=\"widget\" data-settings=\"{&quot;_animation&quot;:&quot;fadeInUp&quot;}\" data-widget_type=\"heading.default\">\n\t\t\t\t<div class=\"elementor-widget-container\">\n\t\t\t\t\t<h2 class=\"elementor-heading-title elementor-size-default\">Strategic and operational support for your business<\/h2>\t\t\t\t<\/div>\n\t\t\t\t<\/div>\n\t\t\t\t<div class=\"elementor-element elementor-element-65b4b69 elementor-invisible elementor-widget elementor-widget-image\" data-id=\"65b4b69\" data-element_type=\"widget\" data-e-type=\"widget\" data-settings=\"{&quot;_animation&quot;:&quot;fadeInUp&quot;}\" data-widget_type=\"image.default\">\n\t\t\t\t<div class=\"elementor-widget-container\">\n\t\t\t\t\t\t\t\t\t\t\t\t\t\t\t<img decoding=\"async\" src=\"https:\/\/dsa.fr\/wp-content\/uploads\/elementor\/thumbs\/lettre-resiliation-mutuelle-qcnob4l48qkxde0xf3xm9h0hnl4iiccqaxouvbmhxc.webp\" title=\"DSA &#8211; Direction d\u00e9l\u00e9gu\u00e9e\" alt=\"DSA - Direction d\u00e9l\u00e9gu\u00e9e\" loading=\"lazy\" \/>\t\t\t\t\t\t\t\t\t\t\t\t\t\t\t<\/div>\n\t\t\t\t<\/div>\n\t\t\t\t<div class=\"elementor-element elementor-element-9ae9c56 elementor-invisible elementor-widget elementor-widget-text-editor\" data-id=\"9ae9c56\" data-element_type=\"widget\" data-e-type=\"widget\" data-settings=\"{&quot;_animation&quot;:&quot;fadeInUp&quot;}\" data-widget_type=\"text-editor.default\">\n\t\t\t\t<div class=\"elementor-widget-container\">\n\t\t\t\t\t\t\t\t\t<p><strong>DSA <\/strong> specializes in delegated management, offering comprehensive support to business leaders. Whether for growth projects, business takeovers, or turnaround situations, our experienced team stands ready to assume general management and\/or financial responsibilities for the necessary period.<\/p>\n<p>We understand the challenges leaders face in these delicate situations. That&#8217;s why we&#8217;re committed to being a forward-looking partner, supporting business leaders in all aspects of their internal operations and fundraising efforts.<\/p>\n\t\t\t\t\t\t\t\t<\/div>\n\t\t\t\t<\/div>\n\t\t<div class=\"elementor-element elementor-element-2225ebb e-flex e-con-boxed e-con e-child\" data-id=\"2225ebb\" data-element_type=\"container\" data-e-type=\"container\" data-settings=\"{&quot;background_background&quot;:&quot;classic&quot;}\">\n\t\t\t\t\t<div class=\"e-con-inner\">\n\t\t\t\t<div class=\"elementor-element elementor-element-725c779 elementor-invisible elementor-widget elementor-widget-text-editor\" data-id=\"725c779\" data-element_type=\"widget\" data-e-type=\"widget\" data-settings=\"{&quot;_animation&quot;:&quot;fadeInUp&quot;}\" data-widget_type=\"text-editor.default\">\n\t\t\t\t<div class=\"elementor-widget-container\">\n\t\t\t\t\t\t\t\t\tDSA specializes in delegated management, offering comprehensive support to business leaders. Whether for growth projects, business takeovers, or turnaround situations, our experienced team stands ready to assume general management and\/or financial responsibilities for the necessary period.\n\nWe understand the challenges leaders face in these delicate situations. That&#8217;s why we&#8217;re committed to being a forward-looking partner, supporting business leaders in all aspects of their internal operations and fundraising efforts.\n\n \n\nWe understand that every business is unique, with its own needs and goals. That&#8217;s why we work closely with you to understand your vision and aspirations. By combining our management and financial expertise with your in-depth knowledge of your business, we are able to create a powerful synergy to achieve your goals.\n\nOur commitment to you is total. We are here to support you every step of the way, providing you with the skills, knowledge and resources to overcome obstacles and maximize opportunities. With DSA on your side, you have the peace of mind of knowing that seasoned experts are caring for your business and working towards its success.\t\t\t\t\t\t\t\t<\/div>\n\t\t\t\t<\/div>\n\t\t\t\t\t<\/div>\n\t\t\t\t<\/div>\n\t\t\t\t<\/div>\n\t\t\t\t\t<\/div>\n\t\t\t\t<\/div>\n\t\t<div class=\"elementor-element elementor-element-e67db7d e-flex e-con-boxed e-con e-parent\" data-id=\"e67db7d\" data-element_type=\"container\" data-e-type=\"container\">\n\t\t\t\t\t<div class=\"e-con-inner\">\n\t\t<div class=\"elementor-element elementor-element-f14afc1 e-con-full e-flex elementor-invisible e-con e-child\" data-id=\"f14afc1\" data-element_type=\"container\" data-e-type=\"container\" data-settings=\"{&quot;animation&quot;:&quot;fadeIn&quot;}\">\n\t\t\t\t<div class=\"elementor-element elementor-element-ca750f4 elementor-invisible elementor-widget elementor-widget-image\" data-id=\"ca750f4\" data-element_type=\"widget\" data-e-type=\"widget\" data-settings=\"{&quot;_animation&quot;:&quot;fadeIn&quot;}\" data-widget_type=\"image.default\">\n\t\t\t\t<div class=\"elementor-widget-container\">\n\t\t\t\t\t\t\t\t\t\t\t\t\t\t\t<img decoding=\"async\" src=\"https:\/\/dsa.fr\/wp-content\/uploads\/elementor\/thumbs\/DSA-Exterieur-qnykqxatedu9vatuju3imrm7ba3ipw95ajqu1o0egw.jpg\" title=\"DSA &#8211; Exterieur\" alt=\"DSA - Exterieur\" loading=\"lazy\" \/>\t\t\t\t\t\t\t\t\t\t\t\t\t\t\t<\/div>\n\t\t\t\t<\/div>\n\t\t\t\t<\/div>\n\t\t<div class=\"elementor-element elementor-element-4f396eb e-con-full e-flex elementor-invisible e-con e-child\" data-id=\"4f396eb\" data-element_type=\"container\" data-e-type=\"container\" data-settings=\"{&quot;background_background&quot;:&quot;classic&quot;,&quot;animation&quot;:&quot;fadeIn&quot;}\">\n\t\t<div class=\"elementor-element elementor-element-514ab2d e-flex e-con-boxed e-con e-child\" data-id=\"514ab2d\" data-element_type=\"container\" data-e-type=\"container\">\n\t\t\t\t\t<div class=\"e-con-inner\">\n\t\t\t\t<div class=\"elementor-element elementor-element-ec9c122 elementor-invisible elementor-widget elementor-widget-text-editor\" data-id=\"ec9c122\" data-element_type=\"widget\" data-e-type=\"widget\" data-settings=\"{&quot;_animation&quot;:&quot;fadeInUp&quot;,&quot;_animation_delay&quot;:250}\" data-widget_type=\"text-editor.default\">\n\t\t\t\t<div class=\"elementor-widget-container\">\n\t\t\t\t\t\t\t\t\t<p>Trust <strong>DSA <\/strong> for strong, transparent, and success-oriented delegated leadership.<\/p>\n<p>We are here to support you and guide you towards new horizons.<\/p>\n\t\t\t\t\t\t\t\t<\/div>\n\t\t\t\t<\/div>\n\t\t\t\t<div class=\"elementor-element elementor-element-a9c184c elementor-align-center elementor-invisible elementor-widget elementor-widget-button\" data-id=\"a9c184c\" data-element_type=\"widget\" data-e-type=\"widget\" data-settings=\"{&quot;_animation&quot;:&quot;fadeInUp&quot;}\" data-widget_type=\"button.default\">\n\t\t\t\t<div class=\"elementor-widget-container\">\n\t\t\t\t\t\t\t\t\t<div class=\"elementor-button-wrapper\">\n\t\t\t\t\t<a class=\"elementor-button elementor-button-link elementor-size-sm\" href=\"https:\/\/dsa.fr\/nous-contacter\/\">\n\t\t\t\t\t\t<span class=\"elementor-button-content-wrapper\">\n\t\t\t\t\t\t\t\t\t<span class=\"elementor-button-text\">Contact Us<\/span>\n\t\t\t\t\t<\/span>\n\t\t\t\t\t<\/a>\n\t\t\t\t<\/div>\n\t\t\t\t\t\t\t\t<\/div>\n\t\t\t\t<\/div>\n\t\t\t\t\t<\/div>\n\t\t\t\t<\/div>\n\t\t\t\t<\/div>\n\t\t\t\t\t<\/div>\n\t\t\t\t<\/div>\n\t\t\t\t<\/div>\n\t\t","protected":false},"excerpt":{"rendered":"<p>Contact us: 22 Place du G\u00e9n\u00e9ral Catroux 75017 Paris, France E-mail: contact@dsa.fr Tel: +33 1 55 65 15 55 Strategic and operational support for your business DSA specializes in delegated management, offering comprehensive support to business leaders. Whether for growth projects, business takeovers, or turnaround situations, our experienced team stands ready to assume general management [&hellip;]<\/p>\n","protected":false},"author":1,"featured_media":7287,"parent":0,"menu_order":0,"comment_status":"closed","ping_status":"closed","template":"","meta":{"footnotes":""},"class_list":["post-7440","page","type-page","status-publish","has-post-thumbnail","hentry"],"yoast_head":"<!-- This site is optimized with the Yoast SEO Premium plugin v21.3 (Yoast SEO v27.5) - https:\/\/yoast.com\/product\/yoast-seo-premium-wordpress\/ -->\n<title>Executive Management - Groupe DSA<\/title>\n<meta name=\"robots\" content=\"index, follow, max-snippet:-1, max-image-preview:large, max-video-preview:-1\" \/>\n<link rel=\"canonical\" href=\"https:\/\/dsa.fr\/en\/executive-management\/\" \/>\n<meta property=\"og:locale\" content=\"en_US\" \/>\n<meta property=\"og:type\" content=\"article\" \/>\n<meta property=\"og:title\" content=\"Executive Management\" \/>\n<meta property=\"og:description\" content=\"Contact us: 22 Place du G\u00e9n\u00e9ral Catroux 75017 Paris, France E-mail: contact@dsa.fr Tel: +33 1 55 65 15 55 Strategic and operational support for your business DSA specializes in delegated management, offering comprehensive support to business leaders. Whether for growth projects, business takeovers, or turnaround situations, our experienced team stands ready to assume general management [&hellip;]\" \/>\n<meta property=\"og:url\" content=\"https:\/\/dsa.fr\/en\/executive-management\/\" \/>\n<meta property=\"og:site_name\" content=\"Groupe DSA\" \/>\n<meta property=\"article:modified_time\" content=\"2024-07-02T13:08:48+00:00\" \/>\n<meta property=\"og:image\" content=\"https:\/\/dsa.fr\/wp-content\/uploads\/2023\/09\/lettre-resiliation-mutuelle.webp\" \/>\n\t<meta property=\"og:image:width\" content=\"1282\" \/>\n\t<meta property=\"og:image:height\" content=\"854\" \/>\n\t<meta property=\"og:image:type\" content=\"image\/webp\" \/>\n<meta name=\"twitter:card\" content=\"summary_large_image\" \/>\n<meta name=\"twitter:label1\" content=\"Est. reading time\" \/>\n\t<meta name=\"twitter:data1\" content=\"2 minutes\" \/>\n<script type=\"application\/ld+json\" class=\"yoast-schema-graph\">{\"@context\":\"https:\\\/\\\/schema.org\",\"@graph\":[{\"@type\":\"WebPage\",\"@id\":\"https:\\\/\\\/dsa.fr\\\/en\\\/executive-management\\\/\",\"url\":\"https:\\\/\\\/dsa.fr\\\/en\\\/executive-management\\\/\",\"name\":\"Executive Management - Groupe DSA\",\"isPartOf\":{\"@id\":\"https:\\\/\\\/dsa.fr\\\/en\\\/#website\"},\"primaryImageOfPage\":{\"@id\":\"https:\\\/\\\/dsa.fr\\\/en\\\/executive-management\\\/#primaryimage\"},\"image\":{\"@id\":\"https:\\\/\\\/dsa.fr\\\/en\\\/executive-management\\\/#primaryimage\"},\"thumbnailUrl\":\"https:\\\/\\\/dsa.fr\\\/wp-content\\\/uploads\\\/2023\\\/09\\\/lettre-resiliation-mutuelle.webp\",\"datePublished\":\"2024-05-04T17:45:26+00:00\",\"dateModified\":\"2024-07-02T13:08:48+00:00\",\"breadcrumb\":{\"@id\":\"https:\\\/\\\/dsa.fr\\\/en\\\/executive-management\\\/#breadcrumb\"},\"inLanguage\":\"en-US\",\"potentialAction\":[{\"@type\":\"ReadAction\",\"target\":[\"https:\\\/\\\/dsa.fr\\\/en\\\/executive-management\\\/\"]}]},{\"@type\":\"ImageObject\",\"inLanguage\":\"en-US\",\"@id\":\"https:\\\/\\\/dsa.fr\\\/en\\\/executive-management\\\/#primaryimage\",\"url\":\"https:\\\/\\\/dsa.fr\\\/wp-content\\\/uploads\\\/2023\\\/09\\\/lettre-resiliation-mutuelle.webp\",\"contentUrl\":\"https:\\\/\\\/dsa.fr\\\/wp-content\\\/uploads\\\/2023\\\/09\\\/lettre-resiliation-mutuelle.webp\",\"width\":1282,\"height\":854,\"caption\":\"DSA - Direction d\u00e9l\u00e9gu\u00e9e\"},{\"@type\":\"BreadcrumbList\",\"@id\":\"https:\\\/\\\/dsa.fr\\\/en\\\/executive-management\\\/#breadcrumb\",\"itemListElement\":[{\"@type\":\"ListItem\",\"position\":1,\"name\":\"Accueil\",\"item\":\"https:\\\/\\\/dsa.fr\\\/en\\\/\"},{\"@type\":\"ListItem\",\"position\":2,\"name\":\"Executive Management\"}]},{\"@type\":\"WebSite\",\"@id\":\"https:\\\/\\\/dsa.fr\\\/en\\\/#website\",\"url\":\"https:\\\/\\\/dsa.fr\\\/en\\\/\",\"name\":\"Groupe DSA\",\"description\":\"Une strat\u00e9gie d&#039;avance\",\"publisher\":{\"@id\":\"https:\\\/\\\/dsa.fr\\\/en\\\/#organization\"},\"potentialAction\":[{\"@type\":\"SearchAction\",\"target\":{\"@type\":\"EntryPoint\",\"urlTemplate\":\"https:\\\/\\\/dsa.fr\\\/en\\\/?s={search_term_string}\"},\"query-input\":{\"@type\":\"PropertyValueSpecification\",\"valueRequired\":true,\"valueName\":\"search_term_string\"}}],\"inLanguage\":\"en-US\"},{\"@type\":\"Organization\",\"@id\":\"https:\\\/\\\/dsa.fr\\\/en\\\/#organization\",\"name\":\"DSA International\",\"url\":\"https:\\\/\\\/dsa.fr\\\/en\\\/\",\"logo\":{\"@type\":\"ImageObject\",\"inLanguage\":\"en-US\",\"@id\":\"https:\\\/\\\/dsa.fr\\\/en\\\/#\\\/schema\\\/logo\\\/image\\\/\",\"url\":\"https:\\\/\\\/dsa.fr\\\/wp-content\\\/uploads\\\/2023\\\/10\\\/DSA-Logo.png\",\"contentUrl\":\"https:\\\/\\\/dsa.fr\\\/wp-content\\\/uploads\\\/2023\\\/10\\\/DSA-Logo.png\",\"width\":697,\"height\":696,\"caption\":\"DSA International\"},\"image\":{\"@id\":\"https:\\\/\\\/dsa.fr\\\/en\\\/#\\\/schema\\\/logo\\\/image\\\/\"},\"sameAs\":[\"https:\\\/\\\/www.linkedin.com\\\/company\\\/groupe-dsa?trk=nav_account_sub_nav_company_admin\",\"https:\\\/\\\/www.instagram.com\\\/groupedsa\\\/\"]}]}<\/script>\n<!-- \/ Yoast SEO Premium plugin. -->","yoast_head_json":{"title":"Executive Management - Groupe DSA","robots":{"index":"index","follow":"follow","max-snippet":"max-snippet:-1","max-image-preview":"max-image-preview:large","max-video-preview":"max-video-preview:-1"},"canonical":"https:\/\/dsa.fr\/en\/executive-management\/","og_locale":"en_US","og_type":"article","og_title":"Executive Management","og_description":"Contact us: 22 Place du G\u00e9n\u00e9ral Catroux 75017 Paris, France E-mail: contact@dsa.fr Tel: +33 1 55 65 15 55 Strategic and operational support for your business DSA specializes in delegated management, offering comprehensive support to business leaders. Whether for growth projects, business takeovers, or turnaround situations, our experienced team stands ready to assume general management [&hellip;]","og_url":"https:\/\/dsa.fr\/en\/executive-management\/","og_site_name":"Groupe DSA","article_modified_time":"2024-07-02T13:08:48+00:00","og_image":[{"width":1282,"height":854,"url":"https:\/\/dsa.fr\/wp-content\/uploads\/2023\/09\/lettre-resiliation-mutuelle.webp","type":"image\/webp"}],"twitter_card":"summary_large_image","twitter_misc":{"Est. reading time":"2 minutes"},"schema":{"@context":"https:\/\/schema.org","@graph":[{"@type":"WebPage","@id":"https:\/\/dsa.fr\/en\/executive-management\/","url":"https:\/\/dsa.fr\/en\/executive-management\/","name":"Executive Management - Groupe DSA","isPartOf":{"@id":"https:\/\/dsa.fr\/en\/#website"},"primaryImageOfPage":{"@id":"https:\/\/dsa.fr\/en\/executive-management\/#primaryimage"},"image":{"@id":"https:\/\/dsa.fr\/en\/executive-management\/#primaryimage"},"thumbnailUrl":"https:\/\/dsa.fr\/wp-content\/uploads\/2023\/09\/lettre-resiliation-mutuelle.webp","datePublished":"2024-05-04T17:45:26+00:00","dateModified":"2024-07-02T13:08:48+00:00","breadcrumb":{"@id":"https:\/\/dsa.fr\/en\/executive-management\/#breadcrumb"},"inLanguage":"en-US","potentialAction":[{"@type":"ReadAction","target":["https:\/\/dsa.fr\/en\/executive-management\/"]}]},{"@type":"ImageObject","inLanguage":"en-US","@id":"https:\/\/dsa.fr\/en\/executive-management\/#primaryimage","url":"https:\/\/dsa.fr\/wp-content\/uploads\/2023\/09\/lettre-resiliation-mutuelle.webp","contentUrl":"https:\/\/dsa.fr\/wp-content\/uploads\/2023\/09\/lettre-resiliation-mutuelle.webp","width":1282,"height":854,"caption":"DSA - Direction d\u00e9l\u00e9gu\u00e9e"},{"@type":"BreadcrumbList","@id":"https:\/\/dsa.fr\/en\/executive-management\/#breadcrumb","itemListElement":[{"@type":"ListItem","position":1,"name":"Accueil","item":"https:\/\/dsa.fr\/en\/"},{"@type":"ListItem","position":2,"name":"Executive Management"}]},{"@type":"WebSite","@id":"https:\/\/dsa.fr\/en\/#website","url":"https:\/\/dsa.fr\/en\/","name":"Groupe DSA","description":"Une strat\u00e9gie d&#039;avance","publisher":{"@id":"https:\/\/dsa.fr\/en\/#organization"},"potentialAction":[{"@type":"SearchAction","target":{"@type":"EntryPoint","urlTemplate":"https:\/\/dsa.fr\/en\/?s={search_term_string}"},"query-input":{"@type":"PropertyValueSpecification","valueRequired":true,"valueName":"search_term_string"}}],"inLanguage":"en-US"},{"@type":"Organization","@id":"https:\/\/dsa.fr\/en\/#organization","name":"DSA International","url":"https:\/\/dsa.fr\/en\/","logo":{"@type":"ImageObject","inLanguage":"en-US","@id":"https:\/\/dsa.fr\/en\/#\/schema\/logo\/image\/","url":"https:\/\/dsa.fr\/wp-content\/uploads\/2023\/10\/DSA-Logo.png","contentUrl":"https:\/\/dsa.fr\/wp-content\/uploads\/2023\/10\/DSA-Logo.png","width":697,"height":696,"caption":"DSA International"},"image":{"@id":"https:\/\/dsa.fr\/en\/#\/schema\/logo\/image\/"},"sameAs":["https:\/\/www.linkedin.com\/company\/groupe-dsa?trk=nav_account_sub_nav_company_admin","https:\/\/www.instagram.com\/groupedsa\/"]}]}},"_links":{"self":[{"href":"https:\/\/dsa.fr\/en\/wp-json\/wp\/v2\/pages\/7440","targetHints":{"allow":["GET"]}}],"collection":[{"href":"https:\/\/dsa.fr\/en\/wp-json\/wp\/v2\/pages"}],"about":[{"href":"https:\/\/dsa.fr\/en\/wp-json\/wp\/v2\/types\/page"}],"author":[{"embeddable":true,"href":"https:\/\/dsa.fr\/en\/wp-json\/wp\/v2\/users\/1"}],"replies":[{"embeddable":true,"href":"https:\/\/dsa.fr\/en\/wp-json\/wp\/v2\/comments?post=7440"}],"version-history":[{"count":4,"href":"https:\/\/dsa.fr\/en\/wp-json\/wp\/v2\/pages\/7440\/revisions"}],"predecessor-version":[{"id":7602,"href":"https:\/\/dsa.fr\/en\/wp-json\/wp\/v2\/pages\/7440\/revisions\/7602"}],"wp:featuredmedia":[{"embeddable":true,"href":"https:\/\/dsa.fr\/en\/wp-json\/wp\/v2\/media\/7287"}],"wp:attachment":[{"href":"https:\/\/dsa.fr\/en\/wp-json\/wp\/v2\/media?parent=7440"}],"curies":[{"name":"wp","href":"https:\/\/api.w.org\/{rel}","templated":true}]}}